{"id":221170,"date":"2019-01-09T08:40:31","date_gmt":"2019-01-09T07:40:31","guid":{"rendered":"https:\/\/www.progettoenergia.ch\/?page_id=221170"},"modified":"2024-07-19T10:35:28","modified_gmt":"2024-07-19T08:35:28","slug":"wer-wir-sind-2","status":"publish","type":"page","link":"https:\/\/www.progettoenergia.ch\/de\/wer-wir-sind-2\/","title":{"rendered":"WER WIR SIND"},"content":{"rendered":"<p>[et_pb_section fb_built=&#8221;1&#8243; custom_padding_last_edited=&#8221;on|phone&#8221; admin_label=&#8221;Hero Section&#8221; _builder_version=&#8221;4.27.0&#8243; background_color_gradient_direction=&#8221;131deg&#8221; background_image=&#8221;https:\/\/www.progettoenergia.ch\/wp-content\/uploads\/2019\/01\/fumi-before-after-1.jpg&#8221; custom_padding=&#8221;100px|0px|100px|0px&#8221; custom_padding_tablet=&#8221;&#8221; custom_padding_phone=&#8221;15vw||53px||false|false&#8221; animation_style=&#8221;slide&#8221; animation_direction=&#8221;top&#8221; animation_intensity_slide=&#8221;2%&#8221; animation_starting_opacity=&#8221;100%&#8221; hover_enabled=&#8221;0&#8243; global_colors_info=&#8221;{}&#8221; sticky_enabled=&#8221;0&#8243;][et_pb_row column_structure=&#8221;1_2,1_2&#8243; _builder_version=&#8221;4.16&#8243; module_alignment=&#8221;left&#8221; custom_padding=&#8221;0|0px|0|0px|false|false&#8221; animation_style=&#8221;flip&#8221; global_colors_info=&#8221;{}&#8221;][et_pb_column type=&#8221;1_2&#8243; _builder_version=&#8221;4.16&#8243; custom_padding=&#8221;|||&#8221; global_colors_info=&#8221;{}&#8221; custom_padding__hover=&#8221;|||&#8221;][et_pb_text _builder_version=&#8221;4.16&#8243; text_font=&#8221;Lato||||||||&#8221; text_text_color=&#8221;rgba(255,255,255,0.7)&#8221; text_font_size=&#8221;39px&#8221; text_letter_spacing=&#8221;9px&#8221; text_line_height=&#8221;1.5em&#8221; link_text_color=&#8221;#ffffff&#8221; header_font=&#8221;||||||||&#8221; header_font_size=&#8221;59px&#8221; header_letter_spacing=&#8221;7px&#8221; header_2_font=&#8221;Lato||||||||&#8221; header_3_font=&#8221;Lato|700|||||||&#8221; header_3_font_size=&#8221;23px&#8221; header_3_line_height=&#8221;1.5em&#8221; background_color=&#8221;rgba(36,36,76,0.62)&#8221; background_size=&#8221;initial&#8221; background_position=&#8221;top_left&#8221; background_repeat=&#8221;repeat&#8221; background_layout=&#8221;dark&#8221; custom_margin=&#8221;40px|||&#8221; custom_margin_tablet=&#8221;&#8221; custom_margin_phone=&#8221;&#8221; custom_margin_last_edited=&#8221;on|tablet&#8221; custom_padding=&#8221;30px|30px|40px|30px&#8221; custom_padding_tablet=&#8221;&#8221; custom_padding_phone=&#8221;&#8221; custom_padding_last_edited=&#8221;on|tablet&#8221; animation_style=&#8221;fold&#8221; animation_delay=&#8221;100ms&#8221; text_font_size_tablet=&#8221;&#8221; text_font_size_phone=&#8221;13px&#8221; text_font_size_last_edited=&#8221;on|phone&#8221; header_font_size_tablet=&#8221;&#8221; header_font_size_phone=&#8221;29px&#8221; header_font_size_last_edited=&#8221;on|phone&#8221; text_text_shadow_style=&#8221;preset5&#8243; text_text_shadow_horizontal_length=&#8221;0.56em&#8221; text_text_shadow_vertical_length=&#8221;-0.65em&#8221; text_text_shadow_color=&#8221;rgba(0,0,0,0)&#8221; border_radii=&#8221;on|6px|6px|6px|6px&#8221; border_color_all=&#8221;#d8343e&#8221; border_width_top=&#8221;6px&#8221; locked=&#8221;off&#8221; inline_fonts=&#8221;Lato&#8221; global_colors_info=&#8221;{}&#8221;]<\/p>\n<p><strong><span style=\"color: #ffffff;\">WER WIR SIND<\/span><\/strong><\/p>\n<p>[\/et_pb_text][\/et_pb_column][et_pb_column type=&#8221;1_2&#8243; _builder_version=&#8221;4.16&#8243; custom_padding=&#8221;|||&#8221; global_colors_info=&#8221;{}&#8221; custom_padding__hover=&#8221;|||&#8221;][\/et_pb_column][\/et_pb_row][\/et_pb_section][et_pb_section fb_built=&#8221;1&#8243; _builder_version=&#8221;4.16&#8243; background_color=&#8221;#d8343e&#8221; custom_padding=&#8221;0|0px|0px|0px|false|false&#8221; global_colors_info=&#8221;{}&#8221;][et_pb_row use_custom_gutter=&#8221;on&#8221; gutter_width=&#8221;1&#8243; _builder_version=&#8221;4.16&#8243; custom_margin=&#8221;|||&#8221; custom_padding=&#8221;25px|0px|14px|0px|false|false&#8221; global_colors_info=&#8221;{}&#8221;][et_pb_column type=&#8221;4_4&#8243; _builder_version=&#8221;4.16&#8243; custom_padding=&#8221;|||&#8221; global_colors_info=&#8221;{}&#8221; custom_padding__hover=&#8221;|||&#8221;][et_pb_text _builder_version=&#8221;4.16&#8243; text_font=&#8221;Lato|800||on|||||&#8221; text_font_size=&#8221;24px&#8221; text_letter_spacing=&#8221;1px&#8221; text_orientation=&#8221;center&#8221; background_layout=&#8221;dark&#8221; custom_margin=&#8221;||0px|&#8221; custom_padding=&#8221;||0px|&#8221; animation_style=&#8221;zoom&#8221; text_font_size_tablet=&#8221;&#8221; text_font_size_phone=&#8221;15px&#8221; text_font_size_last_edited=&#8221;on|phone&#8221; global_colors_info=&#8221;{}&#8221;]VI GARANTIAMO\u00a0QUALIT\u00c0 COMPETENZA E AFFIDABILIT\u00c0!<br \/>\nPERCH\u00c9 QUESTI SONO I NOSTRI VALORI GUIDA[\/et_pb_text][\/et_pb_column][\/et_pb_row][\/et_pb_section][et_pb_section fb_built=&#8221;1&#8243; _builder_version=&#8221;4.16&#8243; custom_padding=&#8221;53.1563px|0px|28px|0px|false|false&#8221; global_colors_info=&#8221;{}&#8221;][et_pb_row _builder_version=&#8221;4.16&#8243; custom_margin=&#8221;||20px&#8221; custom_padding=&#8221;26.5781px|0px|7px|0px|false|false&#8221; global_colors_info=&#8221;{}&#8221;][et_pb_column type=&#8221;4_4&#8243; _builder_version=&#8221;4.16&#8243; custom_padding=&#8221;|||&#8221; global_colors_info=&#8221;{}&#8221; custom_padding__hover=&#8221;|||&#8221;][et_pb_text _builder_version=&#8221;4.16&#8243; text_font=&#8221;||||||||&#8221; text_font_size=&#8221;50px&#8221; text_line_height=&#8221;1.8em&#8221; header_font=&#8221;||||||||&#8221; header_2_font=&#8221;|800||on|||||&#8221; header_2_font_size=&#8221;48px&#8221; header_2_letter_spacing=&#8221;1px&#8221; header_2_line_height=&#8221;1.4em&#8221; text_orientation=&#8221;center&#8221; max_width=&#8221;700px&#8221; module_alignment=&#8221;center&#8221; animation_style=&#8221;slide&#8221; animation_direction=&#8221;top&#8221; animation_intensity_slide=&#8221;5%&#8221; text_font_size_tablet=&#8221;&#8221; text_font_size_phone=&#8221;25px&#8221; text_font_size_last_edited=&#8221;on|phone&#8221; header_2_font_size_tablet=&#8221;30px&#8221; header_2_font_size_phone=&#8221;20px&#8221; header_2_font_size_last_edited=&#8221;on|desktop&#8221; global_colors_info=&#8221;{}&#8221;]<\/p>\n<p><strong><span style=\"color: #828281;\">PROGETTO <\/span><span style=\"color: #d8343e;\">ENERGIA<\/span><\/strong><\/p>\n<p>[\/et_pb_text][\/et_pb_column][\/et_pb_row][et_pb_row column_structure=&#8221;3_5,2_5&#8243; _builder_version=&#8221;4.16&#8243; custom_padding=&#8221;6px|0px|0|0px|false|false&#8221; global_colors_info=&#8221;{}&#8221;][et_pb_column type=&#8221;3_5&#8243; _builder_version=&#8221;4.16&#8243; custom_padding=&#8221;|||&#8221; global_colors_info=&#8221;{}&#8221; custom_padding__hover=&#8221;|||&#8221;][et_pb_text _builder_version=&#8221;4.16&#8243; inline_fonts=&#8221;Lato&#8221; global_colors_info=&#8221;{}&#8221;]<\/p>\n<p style=\"text-align: justify;\"><span style=\"font-family: Lato; font-weight: normal; font-size: large;\">Progetto Energia nasce come naturale evoluzione delle conoscenze e competenze acquisite dal suo fondatore, Alfano Davide, nel settore dell&#8217;energia del legno e nello smaltimento e trattamento dei fumi e dell&#8217;aria. Un know-out che fonda le sue radici nel lontano 1998 con la costituzione della ditta RCF Camini SA.<br \/> L&#8217;esperienza acquisita in tutti questi anni, ci permette di poter proporre alla clientela le soluzioni pi\u00f9 adatte alle proprie esigenze e conformi alle sempre pi\u00f9 ristrettive direttive in materia di inquinamento dell&#8217;ambiente.<br \/> Siamo costantemente aggiornati sull&#8217;evoluzioni tecnlogica e legislativa del settore e in contatto con studi di ingegneria e enti governativi preposti.<br \/> La nostra presenza su tutto il territorio ticinese, ci permette di garantire la necessaria prossimit\u00e0 alla clientela e una copertura costante e puntuale.<\/span><\/p>\n<p>[\/et_pb_text][\/et_pb_column][et_pb_column type=&#8221;2_5&#8243; _builder_version=&#8221;4.16&#8243; custom_padding=&#8221;|||&#8221; global_colors_info=&#8221;{}&#8221; custom_padding__hover=&#8221;|||&#8221;][et_pb_image src=&#8221;https:\/\/www.progettoenergia.ch\/wp-content\/uploads\/2023\/03\/Davide_Alfano_Progetto_Energia.jpg&#8221; title_text=&#8221;Davide_Alfano_Progetto_Energia&#8221; align_tablet=&#8221;center&#8221; align_phone=&#8221;center&#8221; align_last_edited=&#8221;on|desktop&#8221; _builder_version=&#8221;4.19.5&#8243; global_colors_info=&#8221;{}&#8221;][\/et_pb_image][\/et_pb_column][\/et_pb_row][\/et_pb_section][et_pb_section fb_built=&#8221;1&#8243; _builder_version=&#8221;4.16&#8243; background_color=&#8221;#d8343e &#8221; custom_padding=&#8221;2px|0px|0px|0px|false|false&#8221; global_colors_info=&#8221;{}&#8221;][et_pb_row _builder_version=&#8221;4.16&#8243; custom_margin=&#8221;|||&#8221; custom_padding=&#8221;27px|0px|22px|0px|false|false&#8221; global_colors_info=&#8221;{}&#8221;][et_pb_column type=&#8221;4_4&#8243; _builder_version=&#8221;4.16&#8243; custom_padding=&#8221;|||&#8221; global_colors_info=&#8221;{}&#8221; custom_padding__hover=&#8221;|||&#8221;][et_pb_cta title=&#8221;CONTATTACI PER UNA CONSULENZA&#8221; button_url=&#8221;https:\/\/www.progettoenergia.ch\/contatti\/&#8221; button_text=&#8221;Contatti&#8221; _builder_version=&#8221;4.16&#8243; header_font=&#8221;Lato|900||on|||||&#8221; header_font_size=&#8221;48px&#8221; header_letter_spacing=&#8221;2px&#8221; header_line_height=&#8221;1.2em&#8221; body_font=&#8221;Lato||||||||&#8221; body_font_size=&#8221;20px&#8221; body_line_height=&#8221;1.8em&#8221; use_background_color=&#8221;off&#8221; custom_button=&#8221;on&#8221; button_text_size=&#8221;16px&#8221; button_text_color=&#8221;#ffffff&#8221; button_bg_color=&#8221;#727272&#8243; button_border_width=&#8221;6px&#8221; button_border_color=&#8221;#d8343e&#8221; button_border_radius=&#8221;5px&#8221; button_letter_spacing=&#8221;2px&#8221; button_font=&#8221;Lato|900||on|||||&#8221; max_width=&#8221;750px&#8221; module_alignment=&#8221;center&#8221; animation_style=&#8221;fold&#8221; header_font_size_tablet=&#8221;40px&#8221; header_font_size_phone=&#8221;&#8221; header_font_size_last_edited=&#8221;on|tablet&#8221; header_text_shadow_style=&#8221;preset1&#8243; header_text_shadow_blur_strength=&#8221;0.6em&#8221; header_text_shadow_color=&#8221;rgba(0,0,0,0.24)&#8221; box_shadow_style_button=&#8221;preset3&#8243; box_shadow_blur_button=&#8221;30px&#8221; box_shadow_spread_button=&#8221;8px&#8221; box_shadow_color_button=&#8221;rgba(250,127,40,0.15)&#8221; button_letter_spacing_hover=&#8221;2px&#8221; global_colors_info=&#8221;{}&#8221; button_text_size__hover_enabled=&#8221;off&#8221; button_one_text_size__hover_enabled=&#8221;off&#8221; button_two_text_size__hover_enabled=&#8221;off&#8221; button_text_color__hover_enabled=&#8221;off&#8221; button_one_text_color__hover_enabled=&#8221;off&#8221; button_two_text_color__hover_enabled=&#8221;off&#8221; button_border_width__hover_enabled=&#8221;off&#8221; button_one_border_width__hover_enabled=&#8221;off&#8221; button_two_border_width__hover_enabled=&#8221;off&#8221; button_border_color__hover_enabled=&#8221;off&#8221; button_one_border_color__hover_enabled=&#8221;off&#8221; button_two_border_color__hover_enabled=&#8221;off&#8221; button_border_radius__hover_enabled=&#8221;off&#8221; button_one_border_radius__hover_enabled=&#8221;off&#8221; button_two_border_radius__hover_enabled=&#8221;off&#8221; button_letter_spacing__hover_enabled=&#8221;on&#8221; button_letter_spacing__hover=&#8221;2px&#8221; button_one_letter_spacing__hover_enabled=&#8221;off&#8221; button_two_letter_spacing__hover_enabled=&#8221;off&#8221; button_bg_color__hover_enabled=&#8221;off&#8221; button_one_bg_color__hover_enabled=&#8221;off&#8221; button_two_bg_color__hover_enabled=&#8221;off&#8221;][\/et_pb_cta][\/et_pb_column][\/et_pb_row][\/et_pb_section][et_pb_section fb_built=&#8221;1&#8243; disabled_on=&#8221;off|off|off&#8221; admin_label=&#8221;Section&#8221; _builder_version=&#8221;4.16&#8243; custom_css_main_element=&#8221;display: none;&#8221; transparent_background=&#8221;off&#8221; global_colors_info=&#8221;{}&#8221;][et_pb_row admin_label=&#8221;Row&#8221; _builder_version=&#8221;4.16&#8243; background_size=&#8221;initial&#8221; background_position=&#8221;top_left&#8221; background_repeat=&#8221;repeat&#8221; global_colors_info=&#8221;{}&#8221;][et_pb_column type=&#8221;4_4&#8243; _builder_version=&#8221;4.16&#8243; custom_padding=&#8221;|||&#8221; global_colors_info=&#8221;{}&#8221; custom_padding__hover=&#8221;|||&#8221;][et_pb_code admin_label=&#8221;Code&#8221; _builder_version=&#8221;4.16&#8243; global_colors_info=&#8221;{}&#8221;]<\/p>\n<style type=text\/css><!-- [et_pb_line_break_holder] -->.gradient {<!-- [et_pb_line_break_holder] -->background: #6b0f9d;<!-- [et_pb_line_break_holder] -->background: -moz-linear-gradient(left, #6b0f9d 0%, #9e1cb2 50%, #6b0f9d 100%);<!-- [et_pb_line_break_holder] -->background: -webkit-linear-gradient(left, #6b0f9d 0%,#9e1cb2 50%,#6b0f9d 100%);<!-- [et_pb_line_break_holder] -->background: linear-gradient(to right, #6b0f9d 0%,#9e1cb2 50%,#6b0f9d 100%);<!-- [et_pb_line_break_holder] -->filter: progid:DXImageTransform.Microsoft.gradient( startColorstr='#6b0f9d', endColorstr='#6b0f9d',GradientType=1 );<!-- [et_pb_line_break_holder] -->}<!-- [et_pb_line_break_holder] -->.big-button h2 {<!-- [et_pb_line_break_holder] -->font-size: 110px;<!-- [et_pb_line_break_holder] -->font-weight: 900;<!-- [et_pb_line_break_holder] -->letter-spacing: 3px;<!-- [et_pb_line_break_holder] -->}<!-- [et_pb_line_break_holder] -->.big-button .et_pb_button {<!-- [et_pb_line_break_holder] --> color: #303030 !important;<!-- [et_pb_line_break_holder] --> background: #62f1ac;<!-- [et_pb_line_break_holder] --> border-width: 10px !important;<!-- [et_pb_line_break_holder] --> padding: 8px 40px !important;<!-- [et_pb_line_break_holder] --> box-shadow:0 10px 30px rgba(0,0,0,0.12);<!-- [et_pb_line_break_holder] --> -webkit-box-shadow:0 10px 30px rgba(0,0,0,0.12);<!-- [et_pb_line_break_holder] --> -moz-box-shadow:0 10px 30px rgba(0,0,0,0.12);<!-- [et_pb_line_break_holder] -->}<!-- [et_pb_line_break_holder] -->.big-button .et_pb_button:hover {<!-- [et_pb_line_break_holder] --> box-shadow:0 20px 40px rgba(0,0,0,0.3);<!-- [et_pb_line_break_holder] --> -webkit-box-shadow:0 20px 40px rgba(0,0,0,0.3);<!-- [et_pb_line_break_holder] --> -moz-box-shadow:0 20px 40px rgba(0,0,0,0.3);<!-- [et_pb_line_break_holder] -->}<!-- [et_pb_line_break_holder] -->.purple-box {<!-- [et_pb_line_break_holder] -->-webkit-transition: all 600ms cubic-bezier(0.170, 0.690, 0.470, 0.995); <!-- [et_pb_line_break_holder] --> -moz-transition: all 600ms cubic-bezier(0.170, 0.690, 0.470, 0.995); <!-- [et_pb_line_break_holder] --> -o-transition: all 600ms cubic-bezier(0.170, 0.690, 0.470, 0.995); <!-- [et_pb_line_break_holder] --> transition: all 600ms cubic-bezier(0.170, 0.690, 0.470, 0.995); \/* custom *\/<!-- [et_pb_line_break_holder] -->}<!-- [et_pb_line_break_holder] -->.purple-box:hover {<!-- [et_pb_line_break_holder] -->-webkit-transition: all 600ms cubic-bezier(0.170, 0.690, 0.470, 0.995); <!-- [et_pb_line_break_holder] --> -moz-transition: all 600ms cubic-bezier(0.170, 0.690, 0.470, 0.995); <!-- [et_pb_line_break_holder] --> -o-transition: all 600ms cubic-bezier(0.170, 0.690, 0.470, 0.995); <!-- [et_pb_line_break_holder] --> transition: all 600ms cubic-bezier(0.170, 0.690, 0.470, 0.995); \/* custom *\/<!-- [et_pb_line_break_holder] --> transform: scale(1.1);<!-- [et_pb_line_break_holder] --> box-shadow: 0 20px 100px rgba(0,0,0,0.2);<!-- [et_pb_line_break_holder] -->}<!-- [et_pb_line_break_holder] -->.passion-zoom:hover {<!-- [et_pb_line_break_holder] --> -webkit-transform: scale(1.02);<!-- [et_pb_line_break_holder] --> -moz-transform: scale(1.02);<!-- [et_pb_line_break_holder] --> -o-transform: scale(1.02);<!-- [et_pb_line_break_holder] --> -ms-transform: scale(1.02);<!-- [et_pb_line_break_holder] --> transform: scale(1.02);<!-- [et_pb_line_break_holder] --> box-shadow: 0 30px 150px rgba(0,0,0,0.3);<!-- [et_pb_line_break_holder] --> -webkit-box-shadow: 0 30px 150px rgba(0,0,0,0.3);<!-- [et_pb_line_break_holder] --> -moz-box-shadow: 0 30px 150px rgba(0,0,0,0.3);<!-- [et_pb_line_break_holder] --> -webkit-transition: all 400ms cubic-bezier(0.170, 0.690, 0.470, 0.995); <!-- [et_pb_line_break_holder] --> -moz-transition: all 400ms cubic-bezier(0.170, 0.690, 0.470, 0.995); <!-- [et_pb_line_break_holder] --> -o-transition: all 400ms cubic-bezier(0.170, 0.690, 0.470, 0.995); <!-- [et_pb_line_break_holder] --> transition: all 400ms cubic-bezier(0.170, 0.690, 0.470, 0.995); \/* custom *\/<!-- [et_pb_line_break_holder] -->}<!-- [et_pb_line_break_holder] -->.passion-zoom {<!-- [et_pb_line_break_holder] --> -webkit-transition: all .4s;<!-- [et_pb_line_break_holder] --> transition: all .4s;<!-- [et_pb_line_break_holder] -->}<!-- [et_pb_line_break_holder] -->.passion-team .et_pb_team_member_image img {<!-- [et_pb_line_break_holder] -->border-radius: 15px 15px 0 0 !important;<!-- [et_pb_line_break_holder] -->-webkit-border-radius: 15px 15px 0 0 !important;<!-- [et_pb_line_break_holder] -->-moz-border-radius: 15px 15px 0 0 !important;<!-- [et_pb_line_break_holder] -->}<!-- [et_pb_line_break_holder] -->\/* -------- TEAM --------- *\/<!-- [et_pb_line_break_holder] -->.poly_team {<!-- [et_pb_line_break_holder] --> border-radius: 10px;<!-- [et_pb_line_break_holder] --> -moz-border-radius:10px;<!-- [et_pb_line_break_holder] --> -webkit-border-radius: 10px;<!-- [et_pb_line_break_holder] --> -o-border-radius: 10px;<!-- [et_pb_line_break_holder] -->}<!-- [et_pb_line_break_holder] -->.poly_team .et_pb_team_member_description {<!-- [et_pb_line_break_holder] --> padding:30px;<!-- [et_pb_line_break_holder] --> text-align: -webkit-center;<!-- [et_pb_line_break_holder] -->}<!-- [et_pb_line_break_holder] -->.poly_team .et_pb_member_position {<!-- [et_pb_line_break_holder] --> text-transform: uppercase;<!-- [et_pb_line_break_holder] --> font-size: 13px;<!-- [et_pb_line_break_holder] --> font-weight: 600;<!-- [et_pb_line_break_holder] -->}<!-- [et_pb_line_break_holder] -->.poly_team .et_pb_member_position:after {<!-- [et_pb_line_break_holder] --> content: ' ';<!-- [et_pb_line_break_holder] --> display: block;<!-- [et_pb_line_break_holder] --> width: 20px;<!-- [et_pb_line_break_holder] --> margin: 5px 0 0;<!-- [et_pb_line_break_holder] --> border: 1px solid;<!-- [et_pb_line_break_holder] -->}<!-- [et_pb_line_break_holder] -->.poly_team:hover .et_pb_member_social_links a {<!-- [et_pb_line_break_holder] --> opacity:1;<!-- [et_pb_line_break_holder] --> transform: translate(0px, -15px);<!-- [et_pb_line_break_holder] --> -webkit-transform: translate(0px, -15px);<!-- [et_pb_line_break_holder] --> -ms-transform: translate(0px, -15px);<!-- [et_pb_line_break_holder] --> -webkit-transition: all 0.4s ease-in-out;<!-- [et_pb_line_break_holder] --> -moz-transition: all 0.4s ease-in-out;<!-- [et_pb_line_break_holder] --> transition: all 0.4s ease-in-out;<!-- [et_pb_line_break_holder] -->}<!-- [et_pb_line_break_holder] -->.et_pb_member_social_links a {<!-- [et_pb_line_break_holder] --> opacity:0;<!-- [et_pb_line_break_holder] --> margin-top: 20px;<!-- [et_pb_line_break_holder] --> -webkit-transition: all 0.4s ease-in-out;<!-- [et_pb_line_break_holder] --> -moz-transition: all 0.4s ease-in-out;<!-- [et_pb_line_break_holder] --> transition: all 0.4s ease-in-out;<!-- [et_pb_line_break_holder] -->}<!-- [et_pb_line_break_holder] -->.poly_team:hover img {<!-- [et_pb_line_break_holder] --> -ms-transform: scale(1.00) !important;<!-- [et_pb_line_break_holder] --> -webkit-transform: scale(1.00) !important;<!-- [et_pb_line_break_holder] --> transform: scale(1.00) !important;<!-- [et_pb_line_break_holder] --> -webkit-transition: all 500ms cubic-bezier(0.170, 0.690, 0.470, 0.995); <!-- [et_pb_line_break_holder] --> -moz-transition: all 500ms cubic-bezier(0.170, 0.690, 0.470, 0.995); <!-- [et_pb_line_break_holder] --> -o-transition: all 500ms cubic-bezier(0.170, 0.690, 0.470, 0.995); <!-- [et_pb_line_break_holder] --> transition: all 500ms cubic-bezier(0.170, 0.690, 0.470, 0.995); \/* custom *\/<!-- [et_pb_line_break_holder] -->}<!-- [et_pb_line_break_holder] -->.poly_team {<!-- [et_pb_line_break_holder] --> border: none !important;<!-- [et_pb_line_break_holder] --> border-radius: 15px;<!-- [et_pb_line_break_holder] --> -moz-border-radius:15px;<!-- [et_pb_line_break_holder] --> -webkit-border-radius: 15px;<!-- [et_pb_line_break_holder] --> -o-border-radius: 15px;<!-- [et_pb_line_break_holder] --> overflow: hidden;<!-- [et_pb_line_break_holder] --> width: 100%;<!-- [et_pb_line_break_holder] --> position: relative;<!-- [et_pb_line_break_holder] --> z-index: 1;<!-- [et_pb_line_break_holder] --> -webkit-transition: all .3s ease-in-out;<!-- [et_pb_line_break_holder] --> -moz-transition: all .3s ease-in-out;<!-- [et_pb_line_break_holder] --> -ms-transition: all .3s ease-in-out;<!-- [et_pb_line_break_holder] --> -o-transition: all .3s ease-in-out;<!-- [et_pb_line_break_holder] --> box-shadow:0 20px 150px rgba(0,0,0,0.2);<!-- [et_pb_line_break_holder] -->-webkit-box-shadow:0 20px 150px rgba(0,0,0,0.2);<!-- [et_pb_line_break_holder] -->-moz-box-shadow:0 20px 150px rgba(0,0,0,0.2);<!-- [et_pb_line_break_holder] -->}<!-- [et_pb_line_break_holder] -->.poly_team img {<!-- [et_pb_line_break_holder] -->-webkit-transition: all .5s ease;<!-- [et_pb_line_break_holder] --> -moz-transition: all .5s ease;<!-- [et_pb_line_break_holder] --> -ms-transition: all .5s ease;<!-- [et_pb_line_break_holder] --> -o-transition: all .5s ease;<!-- [et_pb_line_break_holder] --> transition: all .5s ease;<!-- [et_pb_line_break_holder] --> -ms-transform: scale(1.03);<!-- [et_pb_line_break_holder] --> -webkit-transform: scale(1.03);<!-- [et_pb_line_break_holder] --> transform: scale(1.03);<!-- [et_pb_line_break_holder] --> -webkit-transform-origin: bottom;<!-- [et_pb_line_break_holder] --> -moz-transform-origin: bottom;<!-- [et_pb_line_break_holder] --> -ms-transform-origin: bottom;<!-- [et_pb_line_break_holder] --> -o-transform-origin: bottom;<!-- [et_pb_line_break_holder] --> transform-origin: bottom;<!-- [et_pb_line_break_holder] -->}<!-- [et_pb_line_break_holder] -->.ad-slider .et-pb-arrow-prev, .ad-slider .et-pb-arrow-next {<!-- [et_pb_line_break_holder] --> position: absolute;<!-- [et_pb_line_break_holder] --> z-index: 100;<!-- [et_pb_line_break_holder] --> top: 50%;<!-- [et_pb_line_break_holder] --> margin-top: -24px;<!-- [et_pb_line_break_holder] --> background-color: rgba(255, 255, 255, 0.11);<!-- [et_pb_line_break_holder] --> border-radius: 50px;<!-- [et_pb_line_break_holder] --> box-shadow: 0 20px 60px rgba(0,0,0,.12);<!-- [et_pb_line_break_holder] --> opacity: 0;<!-- [et_pb_line_break_holder] --> color: #fff;<!-- [et_pb_line_break_holder] --> font-size: 48px;<!-- [et_pb_line_break_holder] --> -webkit-transition: all 0.2s ease-in-out;<!-- [et_pb_line_break_holder] --> -moz-transition: all 0.2s ease-in-out;<!-- [et_pb_line_break_holder] --> transition: all 0.2s ease-in-out;<!-- [et_pb_line_break_holder] -->}<!-- [et_pb_line_break_holder] --><\/style>\n<p>[\/et_pb_code][\/et_pb_column][\/et_pb_row][\/et_pb_section]<\/p>","protected":false},"excerpt":{"rendered":"<p>CHI SIAMOVI GARANTIAMO\u00a0QUALIT\u00c0 COMPETENZA E AFFIDABILIT\u00c0! PERCH\u00c9 QUESTI SONO I NOSTRI VALORI GUIDAPROGETTO ENERGIAProgetto Energia nasce come naturale evoluzione delle conoscenze e competenze acquisite dal suo fondatore, Alfano Davide, nel settore dell&#8217;energia del legno e nello smaltimento e trattamento dei fumi e dell&#8217;aria. Un know-out che fonda le sue radici nel lontano 1998 con la [&hellip;]<\/p>","protected":false},"author":1,"featured_media":0,"parent":0,"menu_order":0,"comment_status":"closed","ping_status":"closed","template":"","meta":{"_et_pb_use_builder":"on","_et_pb_old_content":"<!-- wp:divi\/placeholder \/-->","_et_gb_content_width":"","footnotes":""},"class_list":["post-221170","page","type-page","status-publish","hentry"],"_links":{"self":[{"href":"https:\/\/www.progettoenergia.ch\/de\/wp-json\/wp\/v2\/pages\/221170","targetHints":{"allow":["GET"]}}],"collection":[{"href":"https:\/\/www.progettoenergia.ch\/de\/wp-json\/wp\/v2\/pages"}],"about":[{"href":"https:\/\/www.progettoenergia.ch\/de\/wp-json\/wp\/v2\/types\/page"}],"author":[{"embeddable":true,"href":"https:\/\/www.progettoenergia.ch\/de\/wp-json\/wp\/v2\/users\/1"}],"replies":[{"embeddable":true,"href":"https:\/\/www.progettoenergia.ch\/de\/wp-json\/wp\/v2\/comments?post=221170"}],"version-history":[{"count":13,"href":"https:\/\/www.progettoenergia.ch\/de\/wp-json\/wp\/v2\/pages\/221170\/revisions"}],"predecessor-version":[{"id":369058,"href":"https:\/\/www.progettoenergia.ch\/de\/wp-json\/wp\/v2\/pages\/221170\/revisions\/369058"}],"wp:attachment":[{"href":"https:\/\/www.progettoenergia.ch\/de\/wp-json\/wp\/v2\/media?parent=221170"}],"curies":[{"name":"wp","href":"https:\/\/api.w.org\/{rel}","templated":true}]}}